{"id":285,"date":"2025-05-07T09:38:14","date_gmt":"2025-05-07T09:38:14","guid":{"rendered":"https:\/\/mesa.nwo.lt\/?post_type=product&#038;p=285"},"modified":"2025-05-07T09:38:33","modified_gmt":"2025-05-07T09:38:33","slug":"steikas","status":"publish","type":"product","link":"https:\/\/mesa.nwo.lt\/en\/produktas\/steikas\/","title":{"rendered":"Steikas"},"content":{"rendered":"<p>At\u0161aldyta i\u0161 \u016bkininko<\/p>\n","protected":false},"excerpt":{"rendered":"<p>At\u0161aldyta i\u0161 \u016bkininko<\/p>\n","protected":false},"featured_media":132,"comment_status":"open","ping_status":"closed","template":"","meta":[],"product_brand":[],"product_cat":[41],"product_tag":[],"class_list":{"0":"post-285","1":"product","2":"type-product","3":"status-publish","4":"has-post-thumbnail","6":"product_cat-steikai","8":"first","9":"instock","10":"shipping-taxable","11":"purchasable","12":"product-type-simple"},"_links":{"self":[{"href":"https:\/\/mesa.nwo.lt\/en\/wp-json\/wp\/v2\/product\/285","targetHints":{"allow":["GET"]}}],"collection":[{"href":"https:\/\/mesa.nwo.lt\/en\/wp-json\/wp\/v2\/product"}],"about":[{"href":"https:\/\/mesa.nwo.lt\/en\/wp-json\/wp\/v2\/types\/product"}],"replies":[{"embeddable":true,"href":"https:\/\/mesa.nwo.lt\/en\/wp-json\/wp\/v2\/comments?post=285"}],"wp:featuredmedia":[{"embeddable":true,"href":"https:\/\/mesa.nwo.lt\/en\/wp-json\/wp\/v2\/media\/132"}],"wp:attachment":[{"href":"https:\/\/mesa.nwo.lt\/en\/wp-json\/wp\/v2\/media?parent=285"}],"wp:term":[{"taxonomy":"product_brand","embeddable":true,"href":"https:\/\/mesa.nwo.lt\/en\/wp-json\/wp\/v2\/product_brand?post=285"},{"taxonomy":"product_cat","embeddable":true,"href":"https:\/\/mesa.nwo.lt\/en\/wp-json\/wp\/v2\/product_cat?post=285"},{"taxonomy":"product_tag","embeddable":true,"href":"https:\/\/mesa.nwo.lt\/en\/wp-json\/wp\/v2\/product_tag?post=285"}],"curies":[{"name":"wp","href":"https:\/\/api.w.org\/{rel}","templated":true}]}}