{"id":197,"date":"2025-04-22T13:34:30","date_gmt":"2025-04-22T13:34:30","guid":{"rendered":"https:\/\/mesa.nwo.lt\/?post_type=product&#038;p=197"},"modified":"2025-05-06T16:34:31","modified_gmt":"2025-05-06T16:34:31","slug":"kalakuto-sparneliai","status":"publish","type":"product","link":"https:\/\/mesa.nwo.lt\/en\/produktas\/kalakuto-sparneliai\/","title":{"rendered":"Kalakuto sparneliai"},"content":{"rendered":"<p>At\u0161aldyta i\u0161 \u016bkininko<\/p>\n","protected":false},"excerpt":{"rendered":"<p>At\u0161aldyta i\u0161 \u016bkininko<\/p>\n","protected":false},"featured_media":132,"comment_status":"open","ping_status":"closed","template":"","meta":[],"product_brand":[],"product_cat":[33,28],"product_tag":[],"class_list":{"0":"post-197","1":"product","2":"type-product","3":"status-publish","4":"has-post-thumbnail","6":"product_cat-kalakutiena","7":"product_cat-sviezia-mesa","9":"first","10":"instock","11":"shipping-taxable","12":"purchasable","13":"product-type-simple"},"_links":{"self":[{"href":"https:\/\/mesa.nwo.lt\/en\/wp-json\/wp\/v2\/product\/197","targetHints":{"allow":["GET"]}}],"collection":[{"href":"https:\/\/mesa.nwo.lt\/en\/wp-json\/wp\/v2\/product"}],"about":[{"href":"https:\/\/mesa.nwo.lt\/en\/wp-json\/wp\/v2\/types\/product"}],"replies":[{"embeddable":true,"href":"https:\/\/mesa.nwo.lt\/en\/wp-json\/wp\/v2\/comments?post=197"}],"wp:featuredmedia":[{"embeddable":true,"href":"https:\/\/mesa.nwo.lt\/en\/wp-json\/wp\/v2\/media\/132"}],"wp:attachment":[{"href":"https:\/\/mesa.nwo.lt\/en\/wp-json\/wp\/v2\/media?parent=197"}],"wp:term":[{"taxonomy":"product_brand","embeddable":true,"href":"https:\/\/mesa.nwo.lt\/en\/wp-json\/wp\/v2\/product_brand?post=197"},{"taxonomy":"product_cat","embeddable":true,"href":"https:\/\/mesa.nwo.lt\/en\/wp-json\/wp\/v2\/product_cat?post=197"},{"taxonomy":"product_tag","embeddable":true,"href":"https:\/\/mesa.nwo.lt\/en\/wp-json\/wp\/v2\/product_tag?post=197"}],"curies":[{"name":"wp","href":"https:\/\/api.w.org\/{rel}","templated":true}]}}