{"id":186,"date":"2025-04-22T13:22:52","date_gmt":"2025-04-22T13:22:52","guid":{"rendered":"https:\/\/mesa.nwo.lt\/?post_type=product&#038;p=186"},"modified":"2025-05-06T16:36:34","modified_gmt":"2025-05-06T16:36:34","slug":"jautiena-1","status":"publish","type":"product","link":"https:\/\/mesa.nwo.lt\/en\/produktas\/jautiena-1\/","title":{"rendered":"Jautiena 1"},"content":{"rendered":"<p>At\u0161aldyta i\u0161 \u016bkininko<\/p>\n","protected":false},"excerpt":{"rendered":"<p>At\u0161aldyta i\u0161 \u016bkininko<\/p>\n","protected":false},"featured_media":132,"comment_status":"open","ping_status":"closed","template":"","meta":[],"product_brand":[],"product_cat":[29,28],"product_tag":[],"class_list":{"0":"post-186","1":"product","2":"type-product","3":"status-publish","4":"has-post-thumbnail","6":"product_cat-jautiena","7":"product_cat-sviezia-mesa","9":"first","10":"instock","11":"sale","12":"shipping-taxable","13":"purchasable","14":"product-type-simple"},"_links":{"self":[{"href":"https:\/\/mesa.nwo.lt\/en\/wp-json\/wp\/v2\/product\/186","targetHints":{"allow":["GET"]}}],"collection":[{"href":"https:\/\/mesa.nwo.lt\/en\/wp-json\/wp\/v2\/product"}],"about":[{"href":"https:\/\/mesa.nwo.lt\/en\/wp-json\/wp\/v2\/types\/product"}],"replies":[{"embeddable":true,"href":"https:\/\/mesa.nwo.lt\/en\/wp-json\/wp\/v2\/comments?post=186"}],"wp:featuredmedia":[{"embeddable":true,"href":"https:\/\/mesa.nwo.lt\/en\/wp-json\/wp\/v2\/media\/132"}],"wp:attachment":[{"href":"https:\/\/mesa.nwo.lt\/en\/wp-json\/wp\/v2\/media?parent=186"}],"wp:term":[{"taxonomy":"product_brand","embeddable":true,"href":"https:\/\/mesa.nwo.lt\/en\/wp-json\/wp\/v2\/product_brand?post=186"},{"taxonomy":"product_cat","embeddable":true,"href":"https:\/\/mesa.nwo.lt\/en\/wp-json\/wp\/v2\/product_cat?post=186"},{"taxonomy":"product_tag","embeddable":true,"href":"https:\/\/mesa.nwo.lt\/en\/wp-json\/wp\/v2\/product_tag?post=186"}],"curies":[{"name":"wp","href":"https:\/\/api.w.org\/{rel}","templated":true}]}}